{"id":3964,"date":"2023-03-27T01:22:33","date_gmt":"2023-03-26T23:22:33","guid":{"rendered":"http:\/\/msfactory92.fr\/?post_type=product&#038;p=3964"},"modified":"2023-03-27T01:34:56","modified_gmt":"2023-03-26T23:34:56","slug":"ebi-dynamite","status":"publish","type":"product","link":"https:\/\/msfactory92.fr\/index.php\/product\/ebi-dynamite\/","title":{"rendered":"EBI Dynamite"},"content":{"rendered":"<p>Riz parfum\u00e9, crevettes panko, carotte<br \/>\nr\u00e2p\u00e9, c\u00e9bette, s\u00e9sames, oignons crispy<br \/>\nsauce dynamite<\/p>\n","protected":false},"excerpt":{"rendered":"<p>Riz parfum\u00e9, crevettes panko, carotte<br \/>\nr\u00e2p\u00e9, c\u00e9bette, s\u00e9sames, oignons crispy<br \/>\nsauce dynamite<\/p>\n","protected":false},"featured_media":3962,"template":"","meta":{"inline_featured_image":false},"product_cat":[36],"product_tag":[],"class_list":["post-3964","product","type-product","status-publish","has-post-thumbnail","hentry","product_cat-asian-food"],"_links":{"self":[{"href":"https:\/\/msfactory92.fr\/index.php\/wp-json\/wp\/v2\/product\/3964","targetHints":{"allow":["GET"]}}],"collection":[{"href":"https:\/\/msfactory92.fr\/index.php\/wp-json\/wp\/v2\/product"}],"about":[{"href":"https:\/\/msfactory92.fr\/index.php\/wp-json\/wp\/v2\/types\/product"}],"wp:featuredmedia":[{"embeddable":true,"href":"https:\/\/msfactory92.fr\/index.php\/wp-json\/wp\/v2\/media\/3962"}],"wp:attachment":[{"href":"https:\/\/msfactory92.fr\/index.php\/wp-json\/wp\/v2\/media?parent=3964"}],"wp:term":[{"taxonomy":"product_cat","embeddable":true,"href":"https:\/\/msfactory92.fr\/index.php\/wp-json\/wp\/v2\/product_cat?post=3964"},{"taxonomy":"product_tag","embeddable":true,"href":"https:\/\/msfactory92.fr\/index.php\/wp-json\/wp\/v2\/product_tag?post=3964"}],"curies":[{"name":"wp","href":"https:\/\/api.w.org\/{rel}","templated":true}]}}