{"id":3958,"date":"2023-03-27T01:17:31","date_gmt":"2023-03-26T23:17:31","guid":{"rendered":"http:\/\/msfactory92.fr\/?post_type=product&#038;p=3958"},"modified":"2023-03-27T01:35:54","modified_gmt":"2023-03-26T23:35:54","slug":"thai-bowl","status":"publish","type":"product","link":"https:\/\/msfactory92.fr\/index.php\/product\/thai-bowl\/","title":{"rendered":"Tha\u00ef Bowl"},"content":{"rendered":"<p>Riz parfum\u00e9, poulet saut\u00e9, carottes r\u00e2p\u00e9s<br \/>\noignons, poivrons, oignons crispy, s\u00e9same<br \/>\ncoriandre, c\u00e9bette, sauce tha\u00ef<\/p>\n","protected":false},"excerpt":{"rendered":"<p>Riz parfum\u00e9, poulet saut\u00e9, carottes r\u00e2p\u00e9s<br \/>\noignons, poivrons, oignons crispy, s\u00e9same<br \/>\ncoriandre, c\u00e9bette, sauce tha\u00ef<\/p>\n","protected":false},"featured_media":3965,"template":"","meta":{"inline_featured_image":false},"product_cat":[36],"product_tag":[],"class_list":["post-3958","product","type-product","status-publish","has-post-thumbnail","hentry","product_cat-asian-food"],"_links":{"self":[{"href":"https:\/\/msfactory92.fr\/index.php\/wp-json\/wp\/v2\/product\/3958","targetHints":{"allow":["GET"]}}],"collection":[{"href":"https:\/\/msfactory92.fr\/index.php\/wp-json\/wp\/v2\/product"}],"about":[{"href":"https:\/\/msfactory92.fr\/index.php\/wp-json\/wp\/v2\/types\/product"}],"wp:featuredmedia":[{"embeddable":true,"href":"https:\/\/msfactory92.fr\/index.php\/wp-json\/wp\/v2\/media\/3965"}],"wp:attachment":[{"href":"https:\/\/msfactory92.fr\/index.php\/wp-json\/wp\/v2\/media?parent=3958"}],"wp:term":[{"taxonomy":"product_cat","embeddable":true,"href":"https:\/\/msfactory92.fr\/index.php\/wp-json\/wp\/v2\/product_cat?post=3958"},{"taxonomy":"product_tag","embeddable":true,"href":"https:\/\/msfactory92.fr\/index.php\/wp-json\/wp\/v2\/product_tag?post=3958"}],"curies":[{"name":"wp","href":"https:\/\/api.w.org\/{rel}","templated":true}]}}