{"id":3941,"date":"2023-03-27T01:01:10","date_gmt":"2023-03-26T23:01:10","guid":{"rendered":"http:\/\/msfactory92.fr\/?post_type=product&#038;p=3941"},"modified":"2023-03-27T01:38:47","modified_gmt":"2023-03-26T23:38:47","slug":"salade-thai","status":"publish","type":"product","link":"https:\/\/msfactory92.fr\/index.php\/product\/salade-thai\/","title":{"rendered":"Salade Tha\u00ef"},"content":{"rendered":"<div class=\"oz\">\n<div>\n<div class=\"bo cx bq df pc bu\">Salade de saison, \u00e9minc\u00e9 de b\u0153uf saignant, carottes r\u00e2p\u00e9s, tomates, coriandre, cacahu\u00e8tes, concombre, citron vert, sauce tha\u00ef<\/div>\n<\/div>\n<\/div>\n","protected":false},"excerpt":{"rendered":"<div class=\"oz\">\n<div>\n<div class=\"bo cx bq df pc bu\">Salade de saison, \u00e9minc\u00e9 de b\u0153uf saignant, carottes r\u00e2p\u00e9s, tomates, coriandre, cacahu\u00e8tes, concombre, citron vert, sauce tha\u00ef<\/div>\n<\/div>\n<\/div>\n","protected":false},"featured_media":3942,"template":"","meta":{"inline_featured_image":false},"product_cat":[43],"product_tag":[],"class_list":["post-3941","product","type-product","status-publish","has-post-thumbnail","hentry","product_cat-bowls"],"_links":{"self":[{"href":"https:\/\/msfactory92.fr\/index.php\/wp-json\/wp\/v2\/product\/3941","targetHints":{"allow":["GET"]}}],"collection":[{"href":"https:\/\/msfactory92.fr\/index.php\/wp-json\/wp\/v2\/product"}],"about":[{"href":"https:\/\/msfactory92.fr\/index.php\/wp-json\/wp\/v2\/types\/product"}],"wp:featuredmedia":[{"embeddable":true,"href":"https:\/\/msfactory92.fr\/index.php\/wp-json\/wp\/v2\/media\/3942"}],"wp:attachment":[{"href":"https:\/\/msfactory92.fr\/index.php\/wp-json\/wp\/v2\/media?parent=3941"}],"wp:term":[{"taxonomy":"product_cat","embeddable":true,"href":"https:\/\/msfactory92.fr\/index.php\/wp-json\/wp\/v2\/product_cat?post=3941"},{"taxonomy":"product_tag","embeddable":true,"href":"https:\/\/msfactory92.fr\/index.php\/wp-json\/wp\/v2\/product_tag?post=3941"}],"curies":[{"name":"wp","href":"https:\/\/api.w.org\/{rel}","templated":true}]}}