{"id":3939,"date":"2023-03-27T00:59:44","date_gmt":"2023-03-26T22:59:44","guid":{"rendered":"http:\/\/msfactory92.fr\/?post_type=product&#038;p=3939"},"modified":"2023-03-27T01:39:33","modified_gmt":"2023-03-26T23:39:33","slug":"poutine-fries","status":"publish","type":"product","link":"https:\/\/msfactory92.fr\/index.php\/product\/poutine-fries\/","title":{"rendered":"Poutine Fries"},"content":{"rendered":"<div class=\"oz\">\n<div>\n<div class=\"bo cx bq df pc bu\">Frites maison, fromage poutine, b\u0153uf, poulet pan\u00e9, bacon de b\u0153uf, avocat, c\u00e9bette, crispy, sauce au choix : cheddar, poivre ou normande<\/div>\n<\/div>\n<\/div>\n","protected":false},"excerpt":{"rendered":"<div class=\"oz\">\n<div>\n<div class=\"bo cx bq df pc bu\">Frites maison, fromage poutine, b\u0153uf, poulet pan\u00e9, bacon de b\u0153uf, avocat, c\u00e9bette, crispy, sauce au choix : cheddar, poivre ou normande<\/div>\n<\/div>\n<\/div>\n","protected":false},"featured_media":3940,"template":"","meta":{"inline_featured_image":false},"product_cat":[43],"product_tag":[],"class_list":["post-3939","product","type-product","status-publish","has-post-thumbnail","hentry","product_cat-bowls"],"_links":{"self":[{"href":"https:\/\/msfactory92.fr\/index.php\/wp-json\/wp\/v2\/product\/3939","targetHints":{"allow":["GET"]}}],"collection":[{"href":"https:\/\/msfactory92.fr\/index.php\/wp-json\/wp\/v2\/product"}],"about":[{"href":"https:\/\/msfactory92.fr\/index.php\/wp-json\/wp\/v2\/types\/product"}],"wp:featuredmedia":[{"embeddable":true,"href":"https:\/\/msfactory92.fr\/index.php\/wp-json\/wp\/v2\/media\/3940"}],"wp:attachment":[{"href":"https:\/\/msfactory92.fr\/index.php\/wp-json\/wp\/v2\/media?parent=3939"}],"wp:term":[{"taxonomy":"product_cat","embeddable":true,"href":"https:\/\/msfactory92.fr\/index.php\/wp-json\/wp\/v2\/product_cat?post=3939"},{"taxonomy":"product_tag","embeddable":true,"href":"https:\/\/msfactory92.fr\/index.php\/wp-json\/wp\/v2\/product_tag?post=3939"}],"curies":[{"name":"wp","href":"https:\/\/api.w.org\/{rel}","templated":true}]}}