{"id":3930,"date":"2023-03-27T00:53:42","date_gmt":"2023-03-26T22:53:42","guid":{"rendered":"http:\/\/msfactory92.fr\/?post_type=product&#038;p=3930"},"modified":"2023-03-27T01:40:30","modified_gmt":"2023-03-26T23:40:30","slug":"philly-cheesesteak","status":"publish","type":"product","link":"https:\/\/msfactory92.fr\/index.php\/product\/philly-cheesesteak\/","title":{"rendered":"Philly CheeseSteak"},"content":{"rendered":"<div class=\"oz\">\n<div>\n<div class=\"bo cx bq df pc bu\">B\u0153uf slice, oignons caram\u00e9lis\u00e9s, trio de poivrons grill\u00e9s, mozzarella, cheddar sauce home et crispy<\/div>\n<\/div>\n<\/div>\n","protected":false},"excerpt":{"rendered":"<div class=\"oz\">\n<div>\n<div class=\"bo cx bq df pc bu\">B\u0153uf slice, oignons caram\u00e9lis\u00e9s, trio de poivrons grill\u00e9s, mozzarella, cheddar sauce home et crispy<\/div>\n<\/div>\n<\/div>\n","protected":false},"featured_media":3931,"template":"","meta":{"inline_featured_image":false},"product_cat":[44],"product_tag":[],"class_list":["post-3930","product","type-product","status-publish","has-post-thumbnail","hentry","product_cat-phillys"],"_links":{"self":[{"href":"https:\/\/msfactory92.fr\/index.php\/wp-json\/wp\/v2\/product\/3930","targetHints":{"allow":["GET"]}}],"collection":[{"href":"https:\/\/msfactory92.fr\/index.php\/wp-json\/wp\/v2\/product"}],"about":[{"href":"https:\/\/msfactory92.fr\/index.php\/wp-json\/wp\/v2\/types\/product"}],"wp:featuredmedia":[{"embeddable":true,"href":"https:\/\/msfactory92.fr\/index.php\/wp-json\/wp\/v2\/media\/3931"}],"wp:attachment":[{"href":"https:\/\/msfactory92.fr\/index.php\/wp-json\/wp\/v2\/media?parent=3930"}],"wp:term":[{"taxonomy":"product_cat","embeddable":true,"href":"https:\/\/msfactory92.fr\/index.php\/wp-json\/wp\/v2\/product_cat?post=3930"},{"taxonomy":"product_tag","embeddable":true,"href":"https:\/\/msfactory92.fr\/index.php\/wp-json\/wp\/v2\/product_tag?post=3930"}],"curies":[{"name":"wp","href":"https:\/\/api.w.org\/{rel}","templated":true}]}}